{"id":8962,"date":"2023-12-20T18:31:05","date_gmt":"2023-12-20T18:31:05","guid":{"rendered":"https:\/\/latam-mat.com\/medical-advanced-technologies-garantias\/"},"modified":"2024-01-09T18:03:47","modified_gmt":"2024-01-09T18:03:47","slug":"medical-advanced-technologies-garantias","status":"publish","type":"page","link":"https:\/\/latam-mat.com\/pt-br\/medical-advanced-technologies-garantias\/","title":{"rendered":"Medical Advanced Technologies &#8211; Garant\u00edas"},"content":{"rendered":"<section class=\"l-section wpb_row hide_on_default hide_on_laptops hide_on_tablets height_auto with_img\" id=\"BANNER-MOV-A1\"><div class=\"l-section-img\" role=\"img\" data-img-width=\"1800\" data-img-height=\"500\" style=\"background-image: url(https:\/\/latam-mat.com\/wp-content\/uploads\/2023\/11\/BANNER-NOSOT-A1.jpg);background-repeat: no-repeat;\"><\/div><div class=\"l-section-h i-cf\"><div class=\"g-cols vc_row via_flex valign_top type_default stacking_default\"><div class=\"vc_col-sm-12 wpb_column vc_column_container\"><div class=\"vc_column-inner\"><div class=\"wpb_wrapper\"><div class=\"w-separator size_huge\"><\/div><div class=\"w-separator size_huge\"><\/div><div class=\"w-separator size_huge\"><\/div><div class=\"w-separator size_huge\"><\/div><div class=\"w-separator size_huge\"><\/div><\/div><\/div><\/div><\/div><\/div><\/section><section class=\"l-section wpb_row hide_on_mobiles height_auto with_img\" id=\"BANNER-PC-A1\"><div class=\"l-section-img\" role=\"img\" data-img-width=\"1800\" data-img-height=\"500\" style=\"background-image: url(https:\/\/latam-mat.com\/wp-content\/uploads\/2023\/11\/BANNER-NOSOT-A1.jpg);background-repeat: no-repeat;\"><\/div><div class=\"l-section-h i-cf\"><div class=\"g-cols vc_row via_flex valign_top type_default stacking_default\"><div class=\"vc_col-sm-12 wpb_column vc_column_container\"><div class=\"vc_column-inner\"><div class=\"wpb_wrapper\"><div class=\"w-separator size_huge\"><\/div><div class=\"w-separator size_large\"><\/div><div class=\"w-separator size_huge\"><\/div><\/div><\/div><\/div><\/div><\/div><\/section><section class=\"l-section wpb_row us_custom_e51dc88d hide_on_default hide_on_laptops hide_on_tablets height_auto width_full\" id=\"CONTE-MOV1\"><div class=\"l-section-h i-cf\"><div class=\"g-cols vc_row via_flex valign_top type_default stacking_default\"><div class=\"vc_col-sm-12 wpb_column vc_column_container\"><div class=\"vc_column-inner\"><div class=\"wpb_wrapper\"><div class=\"g-cols wpb_row us_custom_84c14c91 via_flex valign_top type_default stacking_default\"><div class=\"vc_col-sm-12 wpb_column vc_column_container\"><div class=\"vc_column-inner\"><div class=\"wpb_wrapper\"><div class=\"w-separator size_small\"><\/div>[vc_custom_heading text=&#8221;Medical Advanced Technologies&#8221; font_container=&#8221;tag:h2|font_size:35px|text_align:left|color:%238c8c8c|line_height:35px&#8221; google_fonts=&#8221;font_family:Quicksand%3A300%2Cregular%2C700|font_style:400%20regular%3A400%3Anormal&#8221;][vc_custom_heading text=&#8221;Garant\u00edas&#8221; font_container=&#8221;tag:h2|font_size:35px|text_align:left|color:%237dc45a|line_height:35px&#8221; google_fonts=&#8221;font_family:Quicksand%3A300%2Cregular%2C700|font_style:400%20regular%3A400%3Anormal&#8221;]<div class=\"w-separator size_small with_line width_default thick_1 style_solid color_border align_center\"><div class=\"w-separator-h\"><\/div><\/div><div class=\"wpb_text_column us_custom_e5aea6d2\"><div class=\"wpb_wrapper\"><p>Nuestros productos est\u00e1n avalados por el Invima y cuentan con su registro invima. Hemos hecho diferentes pruebas tanto f\u00edsicas como qu\u00edmicas para garantizar nuestros productos.<br \/>\nNuestros dispositivos tienen diferentes funciones que ayudan a tratamientos de pacientes, sin embargo, los medicamentes y otros utilizados con ellos deben ser suministrados por los profesionales que van a hacer uso de los dispositivos<br \/>\nTodos nuestros productos deben ser utilizados por profesionales que est\u00e9n capacitados para el uso de ellos.<br \/>\nNuestros productos tienen el aval internacional en diferentes pa\u00edses.<\/p>\n<\/div><\/div><div class=\"w-separator size_large\"><\/div><\/div><\/div><\/div><\/div><\/div><\/div><\/div><\/div><\/div><\/section><section class=\"l-section wpb_row us_custom_8563ea72 hide_on_mobiles height_auto width_full\" id=\"CONTE-PC1\"><div class=\"l-section-h i-cf\"><div class=\"g-cols vc_row via_flex valign_top type_default stacking_default\"><div class=\"vc_col-sm-12 wpb_column vc_column_container\"><div class=\"vc_column-inner\"><div class=\"wpb_wrapper\"><div class=\"g-cols wpb_row via_flex valign_top type_default stacking_default\"><div class=\"vc_col-sm-2 wpb_column vc_column_container has_bg_color\"><div class=\"vc_column-inner us_custom_75c54337\"><div class=\"wpb_wrapper\"><div class=\"w-separator size_huge\"><\/div><div class=\"w-separator size_huge\"><\/div><div class=\"w-separator size_huge\"><\/div><div class=\"w-separator size_huge\"><\/div><\/div><\/div><\/div><div class=\"vc_col-sm-8 wpb_column vc_column_container\"><div class=\"vc_column-inner\"><div class=\"wpb_wrapper\"><div class=\"w-separator size_small\"><\/div>[vc_custom_heading text=&#8221;Medical Advanced Technologies&#8221; font_container=&#8221;tag:h2|font_size:45px|text_align:left|color:%23919191&#8243; google_fonts=&#8221;font_family:Quicksand%3A300%2Cregular%2C700|font_style:400%20regular%3A400%3Anormal&#8221;][vc_custom_heading text=&#8221;Garant\u00edas&#8221; font_container=&#8221;tag:h2|font_size:35px|text_align:left|color:%237dc45a|line_height:35px&#8221; google_fonts=&#8221;font_family:Quicksand%3A300%2Cregular%2C700|font_style:400%20regular%3A400%3Anormal&#8221;]<div class=\"w-separator size_custom with_line width_default thick_1 style_solid color_border align_center\" style=\"height:20px\"><div class=\"w-separator-h\"><\/div><\/div><div class=\"wpb_text_column us_custom_e5aea6d2\"><div class=\"wpb_wrapper\"><p>Nuestros productos est\u00e1n avalados por el Invima y cuentan con su registro invima. Hemos hecho diferentes pruebas tanto f\u00edsicas como qu\u00edmicas para garantizar nuestros productos.<br \/>\nNuestros dispositivos tienen diferentes funciones que ayudan a tratamientos de pacientes, sin embargo, los medicamentes y otros utilizados con ellos deben ser suministrados por los profesionales que van a hacer uso de los dispositivos<br \/>\nTodos nuestros productos deben ser utilizados por profesionales que est\u00e9n capacitados para el uso de ellos.<br \/>\nNuestros productos tienen el aval internacional en diferentes pa\u00edses.<\/p>\n<\/div><\/div><div class=\"w-separator size_small\"><\/div><\/div><\/div><\/div><div class=\"vc_col-sm-2 wpb_column vc_column_container\"><div class=\"vc_column-inner\"><div class=\"wpb_wrapper\"><div class=\"w-separator size_medium\"><\/div><div class=\"w-image us_custom_9c4651dd align_center\"><div class=\"w-image-h\"><img loading=\"lazy\" decoding=\"async\" width=\"240\" height=\"160\" src=\"https:\/\/latam-mat.com\/wp-content\/uploads\/2023\/10\/LOGO-A1.png\" class=\"attachment-us_250_250 size-us_250_250\" alt=\"\" srcset=\"https:\/\/latam-mat.com\/wp-content\/uploads\/2023\/10\/LOGO-A1.png 240w, https:\/\/latam-mat.com\/wp-content\/uploads\/2023\/10\/LOGO-A1-200x133.png 200w, https:\/\/latam-mat.com\/wp-content\/uploads\/2023\/10\/LOGO-A1-150x100.png 150w\" sizes=\"auto, (max-width: 240px) 100vw, 240px\" \/><\/div><\/div><\/div><\/div><\/div><\/div><\/div><\/div><\/div><\/div><\/div><\/section>\n","protected":false},"excerpt":{"rendered":"[vc_custom_heading text=\"Medical Advanced Technologies\" font_container=\"tag:h2|font_size:35px|text_align:left|color:%238c8c8c|line_height:35px\" google_fonts=\"font_family:Quicksand%3A300%2Cregular%2C700|font_style:400%20regular%3A400%3Anormal\"][vc_custom_heading text=\"Garant\u00edas\" font_container=\"tag:h2|font_size:35px|text_align:left|color:%237dc45a|line_height:35px\" google_fonts=\"font_family:Quicksand%3A300%2Cregular%2C700|font_style:400%20regular%3A400%3Anormal\"]Nuestros productos est\u00e1n avalados por el Invima y cuentan con su registro invima. Hemos hecho diferentes pruebas tanto f\u00edsicas como qu\u00edmicas para garantizar nuestros productos. Nuestros dispositivos tienen diferentes funciones que ayudan a tratamientos de pacientes, sin embargo, los medicamentes y otros utilizados con ellos deben ser...","protected":false},"author":1,"featured_media":8849,"parent":0,"menu_order":0,"comment_status":"closed","ping_status":"closed","template":"","meta":{"footnotes":""},"class_list":["post-8962","page","type-page","status-publish","has-post-thumbnail","hentry"],"yoast_head":"<!-- This site is optimized with the Yoast SEO plugin v27.3 - https:\/\/yoast.com\/product\/yoast-seo-wordpress\/ -->\n<title>Medical Advanced Technologies - Garant\u00edas - Medical Advanced Technologies<\/title>\n<meta name=\"robots\" content=\"index, follow, max-snippet:-1, max-image-preview:large, max-video-preview:-1\" \/>\n<link rel=\"canonical\" href=\"https:\/\/latam-mat.com\/medical-advanced-technologies-garantias\/\" \/>\n<meta property=\"og:locale\" content=\"pt_BR\" \/>\n<meta property=\"og:type\" content=\"article\" \/>\n<meta property=\"og:title\" content=\"Medical Advanced Technologies - Garant\u00edas - Medical Advanced Technologies\" \/>\n<meta property=\"og:url\" content=\"https:\/\/latam-mat.com\/medical-advanced-technologies-garantias\/\" \/>\n<meta property=\"og:site_name\" content=\"Medical Advanced Technologies\" \/>\n<meta property=\"article:modified_time\" content=\"2024-01-09T18:03:47+00:00\" \/>\n<meta property=\"og:image\" content=\"https:\/\/latam-mat.com\/wp-content\/uploads\/2023\/10\/ICO-SITIO-A1.png\" \/>\n\t<meta property=\"og:image:width\" content=\"150\" \/>\n\t<meta property=\"og:image:height\" content=\"150\" \/>\n\t<meta property=\"og:image:type\" content=\"image\/png\" \/>\n<meta name=\"twitter:card\" content=\"summary_large_image\" \/>\n<meta name=\"twitter:label1\" content=\"Est. tempo de leitura\" \/>\n\t<meta name=\"twitter:data1\" content=\"3 minutos\" \/>\n<script type=\"application\/ld+json\" class=\"yoast-schema-graph\">{\"@context\":\"https:\\\/\\\/schema.org\",\"@graph\":[{\"@type\":\"WebPage\",\"@id\":\"https:\\\/\\\/latam-mat.com\\\/medical-advanced-technologies-garantias\\\/\",\"url\":\"https:\\\/\\\/latam-mat.com\\\/medical-advanced-technologies-garantias\\\/\",\"name\":\"Medical Advanced Technologies - Garant\u00edas - Medical Advanced Technologies\",\"isPartOf\":{\"@id\":\"https:\\\/\\\/latam-mat.com\\\/#website\"},\"primaryImageOfPage\":{\"@id\":\"https:\\\/\\\/latam-mat.com\\\/medical-advanced-technologies-garantias\\\/#primaryimage\"},\"image\":{\"@id\":\"https:\\\/\\\/latam-mat.com\\\/medical-advanced-technologies-garantias\\\/#primaryimage\"},\"thumbnailUrl\":\"https:\\\/\\\/latam-mat.com\\\/wp-content\\\/uploads\\\/2023\\\/10\\\/ICO-SITIO-A1.png\",\"datePublished\":\"2023-12-20T18:31:05+00:00\",\"dateModified\":\"2024-01-09T18:03:47+00:00\",\"breadcrumb\":{\"@id\":\"https:\\\/\\\/latam-mat.com\\\/medical-advanced-technologies-garantias\\\/#breadcrumb\"},\"inLanguage\":\"pt-BR\",\"potentialAction\":[{\"@type\":\"ReadAction\",\"target\":[\"https:\\\/\\\/latam-mat.com\\\/medical-advanced-technologies-garantias\\\/\"]}]},{\"@type\":\"ImageObject\",\"inLanguage\":\"pt-BR\",\"@id\":\"https:\\\/\\\/latam-mat.com\\\/medical-advanced-technologies-garantias\\\/#primaryimage\",\"url\":\"https:\\\/\\\/latam-mat.com\\\/wp-content\\\/uploads\\\/2023\\\/10\\\/ICO-SITIO-A1.png\",\"contentUrl\":\"https:\\\/\\\/latam-mat.com\\\/wp-content\\\/uploads\\\/2023\\\/10\\\/ICO-SITIO-A1.png\",\"width\":150,\"height\":150},{\"@type\":\"BreadcrumbList\",\"@id\":\"https:\\\/\\\/latam-mat.com\\\/medical-advanced-technologies-garantias\\\/#breadcrumb\",\"itemListElement\":[{\"@type\":\"ListItem\",\"position\":1,\"name\":\"Portada\",\"item\":\"https:\\\/\\\/latam-mat.com\\\/\"},{\"@type\":\"ListItem\",\"position\":2,\"name\":\"Medical Advanced Technologies &#8211; Garant\u00edas\"}]},{\"@type\":\"WebSite\",\"@id\":\"https:\\\/\\\/latam-mat.com\\\/#website\",\"url\":\"https:\\\/\\\/latam-mat.com\\\/\",\"name\":\"Medical Advanced Technologies\",\"description\":\"Medical Advanced Technologies\",\"publisher\":{\"@id\":\"https:\\\/\\\/latam-mat.com\\\/#organization\"},\"potentialAction\":[{\"@type\":\"SearchAction\",\"target\":{\"@type\":\"EntryPoint\",\"urlTemplate\":\"https:\\\/\\\/latam-mat.com\\\/?s={search_term_string}\"},\"query-input\":{\"@type\":\"PropertyValueSpecification\",\"valueRequired\":true,\"valueName\":\"search_term_string\"}}],\"inLanguage\":\"pt-BR\"},{\"@type\":\"Organization\",\"@id\":\"https:\\\/\\\/latam-mat.com\\\/#organization\",\"name\":\"Medical Advanced Technologies\",\"url\":\"https:\\\/\\\/latam-mat.com\\\/\",\"logo\":{\"@type\":\"ImageObject\",\"inLanguage\":\"pt-BR\",\"@id\":\"https:\\\/\\\/latam-mat.com\\\/#\\\/schema\\\/logo\\\/image\\\/\",\"url\":\"https:\\\/\\\/latam-mat.com\\\/wp-content\\\/uploads\\\/2023\\\/10\\\/ICO-SITIO-A1.png\",\"contentUrl\":\"https:\\\/\\\/latam-mat.com\\\/wp-content\\\/uploads\\\/2023\\\/10\\\/ICO-SITIO-A1.png\",\"width\":150,\"height\":150,\"caption\":\"Medical Advanced Technologies\"},\"image\":{\"@id\":\"https:\\\/\\\/latam-mat.com\\\/#\\\/schema\\\/logo\\\/image\\\/\"}}]}<\/script>\n<!-- \/ Yoast SEO plugin. -->","yoast_head_json":{"title":"Medical Advanced Technologies - Garant\u00edas - Medical Advanced Technologies","robots":{"index":"index","follow":"follow","max-snippet":"max-snippet:-1","max-image-preview":"max-image-preview:large","max-video-preview":"max-video-preview:-1"},"canonical":"https:\/\/latam-mat.com\/medical-advanced-technologies-garantias\/","og_locale":"pt_BR","og_type":"article","og_title":"Medical Advanced Technologies - Garant\u00edas - Medical Advanced Technologies","og_url":"https:\/\/latam-mat.com\/medical-advanced-technologies-garantias\/","og_site_name":"Medical Advanced Technologies","article_modified_time":"2024-01-09T18:03:47+00:00","og_image":[{"width":150,"height":150,"url":"https:\/\/latam-mat.com\/wp-content\/uploads\/2023\/10\/ICO-SITIO-A1.png","type":"image\/png"}],"twitter_card":"summary_large_image","twitter_misc":{"Est. tempo de leitura":"3 minutos"},"schema":{"@context":"https:\/\/schema.org","@graph":[{"@type":"WebPage","@id":"https:\/\/latam-mat.com\/medical-advanced-technologies-garantias\/","url":"https:\/\/latam-mat.com\/medical-advanced-technologies-garantias\/","name":"Medical Advanced Technologies - Garant\u00edas - Medical Advanced Technologies","isPartOf":{"@id":"https:\/\/latam-mat.com\/#website"},"primaryImageOfPage":{"@id":"https:\/\/latam-mat.com\/medical-advanced-technologies-garantias\/#primaryimage"},"image":{"@id":"https:\/\/latam-mat.com\/medical-advanced-technologies-garantias\/#primaryimage"},"thumbnailUrl":"https:\/\/latam-mat.com\/wp-content\/uploads\/2023\/10\/ICO-SITIO-A1.png","datePublished":"2023-12-20T18:31:05+00:00","dateModified":"2024-01-09T18:03:47+00:00","breadcrumb":{"@id":"https:\/\/latam-mat.com\/medical-advanced-technologies-garantias\/#breadcrumb"},"inLanguage":"pt-BR","potentialAction":[{"@type":"ReadAction","target":["https:\/\/latam-mat.com\/medical-advanced-technologies-garantias\/"]}]},{"@type":"ImageObject","inLanguage":"pt-BR","@id":"https:\/\/latam-mat.com\/medical-advanced-technologies-garantias\/#primaryimage","url":"https:\/\/latam-mat.com\/wp-content\/uploads\/2023\/10\/ICO-SITIO-A1.png","contentUrl":"https:\/\/latam-mat.com\/wp-content\/uploads\/2023\/10\/ICO-SITIO-A1.png","width":150,"height":150},{"@type":"BreadcrumbList","@id":"https:\/\/latam-mat.com\/medical-advanced-technologies-garantias\/#breadcrumb","itemListElement":[{"@type":"ListItem","position":1,"name":"Portada","item":"https:\/\/latam-mat.com\/"},{"@type":"ListItem","position":2,"name":"Medical Advanced Technologies &#8211; Garant\u00edas"}]},{"@type":"WebSite","@id":"https:\/\/latam-mat.com\/#website","url":"https:\/\/latam-mat.com\/","name":"Medical Advanced Technologies","description":"Medical Advanced Technologies","publisher":{"@id":"https:\/\/latam-mat.com\/#organization"},"potentialAction":[{"@type":"SearchAction","target":{"@type":"EntryPoint","urlTemplate":"https:\/\/latam-mat.com\/?s={search_term_string}"},"query-input":{"@type":"PropertyValueSpecification","valueRequired":true,"valueName":"search_term_string"}}],"inLanguage":"pt-BR"},{"@type":"Organization","@id":"https:\/\/latam-mat.com\/#organization","name":"Medical Advanced Technologies","url":"https:\/\/latam-mat.com\/","logo":{"@type":"ImageObject","inLanguage":"pt-BR","@id":"https:\/\/latam-mat.com\/#\/schema\/logo\/image\/","url":"https:\/\/latam-mat.com\/wp-content\/uploads\/2023\/10\/ICO-SITIO-A1.png","contentUrl":"https:\/\/latam-mat.com\/wp-content\/uploads\/2023\/10\/ICO-SITIO-A1.png","width":150,"height":150,"caption":"Medical Advanced Technologies"},"image":{"@id":"https:\/\/latam-mat.com\/#\/schema\/logo\/image\/"}}]}},"_links":{"self":[{"href":"https:\/\/latam-mat.com\/pt-br\/wp-json\/wp\/v2\/pages\/8962","targetHints":{"allow":["GET"]}}],"collection":[{"href":"https:\/\/latam-mat.com\/pt-br\/wp-json\/wp\/v2\/pages"}],"about":[{"href":"https:\/\/latam-mat.com\/pt-br\/wp-json\/wp\/v2\/types\/page"}],"author":[{"embeddable":true,"href":"https:\/\/latam-mat.com\/pt-br\/wp-json\/wp\/v2\/users\/1"}],"replies":[{"embeddable":true,"href":"https:\/\/latam-mat.com\/pt-br\/wp-json\/wp\/v2\/comments?post=8962"}],"version-history":[{"count":1,"href":"https:\/\/latam-mat.com\/pt-br\/wp-json\/wp\/v2\/pages\/8962\/revisions"}],"predecessor-version":[{"id":9059,"href":"https:\/\/latam-mat.com\/pt-br\/wp-json\/wp\/v2\/pages\/8962\/revisions\/9059"}],"wp:featuredmedia":[{"embeddable":true,"href":"https:\/\/latam-mat.com\/pt-br\/wp-json\/wp\/v2\/media\/8849"}],"wp:attachment":[{"href":"https:\/\/latam-mat.com\/pt-br\/wp-json\/wp\/v2\/media?parent=8962"}],"curies":[{"name":"wp","href":"https:\/\/api.w.org\/{rel}","templated":true}]}}