{"id":8729,"date":"2023-12-14T16:58:40","date_gmt":"2023-12-14T16:58:40","guid":{"rendered":"https:\/\/latam-mat.com\/?post_type=product&#038;p=8729"},"modified":"2023-12-14T17:06:41","modified_gmt":"2023-12-14T17:06:41","slug":"canguro-manos-libres","status":"publish","type":"product","link":"https:\/\/latam-mat.com\/pt-br\/producto\/canguro-manos-libres\/","title":{"rendered":"Canguro Manos Libres"},"content":{"rendered":"<p><strong>Canguro Manos Libres Para Bomba de Infusi\u00f3n<\/strong><\/p>\n<p>Dispositivos desechables que se utilizan para suministrar fluidos o f\u00e1rmacos en soluci\u00f3n al paciente, sea por v\u00eda intravenosa o epidural. Con flujo variable opcional desde 0 hasta 14 ml\/hr, capacidad de 275ml y PCA (Bolus) de 0.5 ml (Tiempo de restricci\u00f3n de 15 mins)<\/p>\n","protected":false},"excerpt":{"rendered":"<p><strong>Canguro Manos Libres Para Bomba de Infusi\u00f3n<\/strong><\/p>\n<p>Dispositivos desechables que se utilizan para suministrar fluidos o f\u00e1rmacos en soluci\u00f3n al paciente, sea por v\u00eda intravenosa o epidural. Con flujo variable opcional desde 0 hasta 14 ml\/hr, capacidad de 275ml y PCA (Bolus) de 0.5 ml (Tiempo de restricci\u00f3n de 15 mins)<\/p>\n","protected":false},"featured_media":8730,"comment_status":"open","ping_status":"closed","template":"","meta":[],"product_brand":[],"product_cat":[61],"product_tag":[62,18,64],"class_list":{"0":"post-8729","1":"product","2":"type-product","3":"status-publish","4":"has-post-thumbnail","6":"product_cat-accesorios","7":"product_tag-accesorios","8":"product_tag-bombas-de-infusion","9":"product_tag-combos","11":"first","12":"instock","13":"sale","14":"shipping-taxable","15":"purchasable","16":"product-type-simple"},"yoast_head":"<!-- This site is optimized with the Yoast SEO plugin v27.3 - https:\/\/yoast.com\/product\/yoast-seo-wordpress\/ -->\n<title>Canguro Manos Libres - Medical Advanced Technologies<\/title>\n<meta name=\"robots\" content=\"index, follow, max-snippet:-1, max-image-preview:large, max-video-preview:-1\" \/>\n<link rel=\"canonical\" href=\"https:\/\/latam-mat.com\/producto\/canguro-manos-libres\/\" \/>\n<meta property=\"og:locale\" content=\"pt_BR\" \/>\n<meta property=\"og:type\" content=\"article\" \/>\n<meta property=\"og:title\" content=\"Canguro Manos Libres - Medical Advanced Technologies\" \/>\n<meta property=\"og:description\" content=\"Canguro Manos Libres Para Bomba de Infusi\u00f3n  Dispositivos desechables que se utilizan para suministrar fluidos o f\u00e1rmacos en soluci\u00f3n al paciente, sea por v\u00eda intravenosa o epidural. Con flujo variable opcional desde 0 hasta 14 ml\/hr, capacidad de 275ml y PCA (Bolus) de 0.5 ml (Tiempo de restricci\u00f3n de 15 mins)\" \/>\n<meta property=\"og:url\" content=\"https:\/\/latam-mat.com\/producto\/canguro-manos-libres\/\" \/>\n<meta property=\"og:site_name\" content=\"Medical Advanced Technologies\" \/>\n<meta property=\"article:modified_time\" content=\"2023-12-14T17:06:41+00:00\" \/>\n<meta property=\"og:image\" content=\"https:\/\/latam-mat.com\/wp-content\/uploads\/2023\/12\/porta1.jpg\" \/>\n\t<meta property=\"og:image:width\" content=\"800\" \/>\n\t<meta property=\"og:image:height\" content=\"600\" \/>\n\t<meta property=\"og:image:type\" content=\"image\/jpeg\" \/>\n<meta name=\"twitter:card\" content=\"summary_large_image\" \/>\n<script type=\"application\/ld+json\" class=\"yoast-schema-graph\">{\"@context\":\"https:\\\/\\\/schema.org\",\"@graph\":[{\"@type\":\"WebPage\",\"@id\":\"https:\\\/\\\/latam-mat.com\\\/producto\\\/canguro-manos-libres\\\/\",\"url\":\"https:\\\/\\\/latam-mat.com\\\/producto\\\/canguro-manos-libres\\\/\",\"name\":\"Canguro Manos Libres - Medical Advanced Technologies\",\"isPartOf\":{\"@id\":\"https:\\\/\\\/latam-mat.com\\\/#website\"},\"primaryImageOfPage\":{\"@id\":\"https:\\\/\\\/latam-mat.com\\\/producto\\\/canguro-manos-libres\\\/#primaryimage\"},\"image\":{\"@id\":\"https:\\\/\\\/latam-mat.com\\\/producto\\\/canguro-manos-libres\\\/#primaryimage\"},\"thumbnailUrl\":\"https:\\\/\\\/latam-mat.com\\\/wp-content\\\/uploads\\\/2023\\\/12\\\/porta1.jpg\",\"datePublished\":\"2023-12-14T16:58:40+00:00\",\"dateModified\":\"2023-12-14T17:06:41+00:00\",\"breadcrumb\":{\"@id\":\"https:\\\/\\\/latam-mat.com\\\/producto\\\/canguro-manos-libres\\\/#breadcrumb\"},\"inLanguage\":\"pt-BR\",\"potentialAction\":[{\"@type\":\"ReadAction\",\"target\":[\"https:\\\/\\\/latam-mat.com\\\/producto\\\/canguro-manos-libres\\\/\"]}]},{\"@type\":\"ImageObject\",\"inLanguage\":\"pt-BR\",\"@id\":\"https:\\\/\\\/latam-mat.com\\\/producto\\\/canguro-manos-libres\\\/#primaryimage\",\"url\":\"https:\\\/\\\/latam-mat.com\\\/wp-content\\\/uploads\\\/2023\\\/12\\\/porta1.jpg\",\"contentUrl\":\"https:\\\/\\\/latam-mat.com\\\/wp-content\\\/uploads\\\/2023\\\/12\\\/porta1.jpg\",\"width\":800,\"height\":600},{\"@type\":\"BreadcrumbList\",\"@id\":\"https:\\\/\\\/latam-mat.com\\\/producto\\\/canguro-manos-libres\\\/#breadcrumb\",\"itemListElement\":[{\"@type\":\"ListItem\",\"position\":1,\"name\":\"Portada\",\"item\":\"https:\\\/\\\/latam-mat.com\\\/\"},{\"@type\":\"ListItem\",\"position\":2,\"name\":\"Tienda\",\"item\":\"https:\\\/\\\/latam-mat.com\\\/tienda\\\/\"},{\"@type\":\"ListItem\",\"position\":3,\"name\":\"Canguro Manos Libres\"}]},{\"@type\":\"WebSite\",\"@id\":\"https:\\\/\\\/latam-mat.com\\\/#website\",\"url\":\"https:\\\/\\\/latam-mat.com\\\/\",\"name\":\"Medical Advanced Technologies\",\"description\":\"Medical Advanced Technologies\",\"publisher\":{\"@id\":\"https:\\\/\\\/latam-mat.com\\\/#organization\"},\"potentialAction\":[{\"@type\":\"SearchAction\",\"target\":{\"@type\":\"EntryPoint\",\"urlTemplate\":\"https:\\\/\\\/latam-mat.com\\\/?s={search_term_string}\"},\"query-input\":{\"@type\":\"PropertyValueSpecification\",\"valueRequired\":true,\"valueName\":\"search_term_string\"}}],\"inLanguage\":\"pt-BR\"},{\"@type\":\"Organization\",\"@id\":\"https:\\\/\\\/latam-mat.com\\\/#organization\",\"name\":\"Medical Advanced Technologies\",\"url\":\"https:\\\/\\\/latam-mat.com\\\/\",\"logo\":{\"@type\":\"ImageObject\",\"inLanguage\":\"pt-BR\",\"@id\":\"https:\\\/\\\/latam-mat.com\\\/#\\\/schema\\\/logo\\\/image\\\/\",\"url\":\"https:\\\/\\\/latam-mat.com\\\/wp-content\\\/uploads\\\/2023\\\/10\\\/ICO-SITIO-A1.png\",\"contentUrl\":\"https:\\\/\\\/latam-mat.com\\\/wp-content\\\/uploads\\\/2023\\\/10\\\/ICO-SITIO-A1.png\",\"width\":150,\"height\":150,\"caption\":\"Medical Advanced Technologies\"},\"image\":{\"@id\":\"https:\\\/\\\/latam-mat.com\\\/#\\\/schema\\\/logo\\\/image\\\/\"}}]}<\/script>\n<!-- \/ Yoast SEO plugin. -->","yoast_head_json":{"title":"Canguro Manos Libres - Medical Advanced Technologies","robots":{"index":"index","follow":"follow","max-snippet":"max-snippet:-1","max-image-preview":"max-image-preview:large","max-video-preview":"max-video-preview:-1"},"canonical":"https:\/\/latam-mat.com\/producto\/canguro-manos-libres\/","og_locale":"pt_BR","og_type":"article","og_title":"Canguro Manos Libres - Medical Advanced Technologies","og_description":"Canguro Manos Libres Para Bomba de Infusi\u00f3n  Dispositivos desechables que se utilizan para suministrar fluidos o f\u00e1rmacos en soluci\u00f3n al paciente, sea por v\u00eda intravenosa o epidural. Con flujo variable opcional desde 0 hasta 14 ml\/hr, capacidad de 275ml y PCA (Bolus) de 0.5 ml (Tiempo de restricci\u00f3n de 15 mins)","og_url":"https:\/\/latam-mat.com\/producto\/canguro-manos-libres\/","og_site_name":"Medical Advanced Technologies","article_modified_time":"2023-12-14T17:06:41+00:00","og_image":[{"width":800,"height":600,"url":"https:\/\/latam-mat.com\/wp-content\/uploads\/2023\/12\/porta1.jpg","type":"image\/jpeg"}],"twitter_card":"summary_large_image","schema":{"@context":"https:\/\/schema.org","@graph":[{"@type":"WebPage","@id":"https:\/\/latam-mat.com\/producto\/canguro-manos-libres\/","url":"https:\/\/latam-mat.com\/producto\/canguro-manos-libres\/","name":"Canguro Manos Libres - Medical Advanced Technologies","isPartOf":{"@id":"https:\/\/latam-mat.com\/#website"},"primaryImageOfPage":{"@id":"https:\/\/latam-mat.com\/producto\/canguro-manos-libres\/#primaryimage"},"image":{"@id":"https:\/\/latam-mat.com\/producto\/canguro-manos-libres\/#primaryimage"},"thumbnailUrl":"https:\/\/latam-mat.com\/wp-content\/uploads\/2023\/12\/porta1.jpg","datePublished":"2023-12-14T16:58:40+00:00","dateModified":"2023-12-14T17:06:41+00:00","breadcrumb":{"@id":"https:\/\/latam-mat.com\/producto\/canguro-manos-libres\/#breadcrumb"},"inLanguage":"pt-BR","potentialAction":[{"@type":"ReadAction","target":["https:\/\/latam-mat.com\/producto\/canguro-manos-libres\/"]}]},{"@type":"ImageObject","inLanguage":"pt-BR","@id":"https:\/\/latam-mat.com\/producto\/canguro-manos-libres\/#primaryimage","url":"https:\/\/latam-mat.com\/wp-content\/uploads\/2023\/12\/porta1.jpg","contentUrl":"https:\/\/latam-mat.com\/wp-content\/uploads\/2023\/12\/porta1.jpg","width":800,"height":600},{"@type":"BreadcrumbList","@id":"https:\/\/latam-mat.com\/producto\/canguro-manos-libres\/#breadcrumb","itemListElement":[{"@type":"ListItem","position":1,"name":"Portada","item":"https:\/\/latam-mat.com\/"},{"@type":"ListItem","position":2,"name":"Tienda","item":"https:\/\/latam-mat.com\/tienda\/"},{"@type":"ListItem","position":3,"name":"Canguro Manos Libres"}]},{"@type":"WebSite","@id":"https:\/\/latam-mat.com\/#website","url":"https:\/\/latam-mat.com\/","name":"Medical Advanced Technologies","description":"Medical Advanced Technologies","publisher":{"@id":"https:\/\/latam-mat.com\/#organization"},"potentialAction":[{"@type":"SearchAction","target":{"@type":"EntryPoint","urlTemplate":"https:\/\/latam-mat.com\/?s={search_term_string}"},"query-input":{"@type":"PropertyValueSpecification","valueRequired":true,"valueName":"search_term_string"}}],"inLanguage":"pt-BR"},{"@type":"Organization","@id":"https:\/\/latam-mat.com\/#organization","name":"Medical Advanced Technologies","url":"https:\/\/latam-mat.com\/","logo":{"@type":"ImageObject","inLanguage":"pt-BR","@id":"https:\/\/latam-mat.com\/#\/schema\/logo\/image\/","url":"https:\/\/latam-mat.com\/wp-content\/uploads\/2023\/10\/ICO-SITIO-A1.png","contentUrl":"https:\/\/latam-mat.com\/wp-content\/uploads\/2023\/10\/ICO-SITIO-A1.png","width":150,"height":150,"caption":"Medical Advanced Technologies"},"image":{"@id":"https:\/\/latam-mat.com\/#\/schema\/logo\/image\/"}}]}},"_links":{"self":[{"href":"https:\/\/latam-mat.com\/pt-br\/wp-json\/wp\/v2\/product\/8729","targetHints":{"allow":["GET"]}}],"collection":[{"href":"https:\/\/latam-mat.com\/pt-br\/wp-json\/wp\/v2\/product"}],"about":[{"href":"https:\/\/latam-mat.com\/pt-br\/wp-json\/wp\/v2\/types\/product"}],"replies":[{"embeddable":true,"href":"https:\/\/latam-mat.com\/pt-br\/wp-json\/wp\/v2\/comments?post=8729"}],"wp:featuredmedia":[{"embeddable":true,"href":"https:\/\/latam-mat.com\/pt-br\/wp-json\/wp\/v2\/media\/8730"}],"wp:attachment":[{"href":"https:\/\/latam-mat.com\/pt-br\/wp-json\/wp\/v2\/media?parent=8729"}],"wp:term":[{"taxonomy":"product_brand","embeddable":true,"href":"https:\/\/latam-mat.com\/pt-br\/wp-json\/wp\/v2\/product_brand?post=8729"},{"taxonomy":"product_cat","embeddable":true,"href":"https:\/\/latam-mat.com\/pt-br\/wp-json\/wp\/v2\/product_cat?post=8729"},{"taxonomy":"product_tag","embeddable":true,"href":"https:\/\/latam-mat.com\/pt-br\/wp-json\/wp\/v2\/product_tag?post=8729"}],"curies":[{"name":"wp","href":"https:\/\/api.w.org\/{rel}","templated":true}]}}