{"id":9026,"date":"2023-12-13T18:46:12","date_gmt":"2023-12-13T18:46:12","guid":{"rendered":"https:\/\/latam-mat.com\/producto\/bomba-de-infusion-y-pca\/"},"modified":"2023-12-27T20:12:38","modified_gmt":"2023-12-27T20:12:38","slug":"bomba-de-infusion-y-pca","status":"publish","type":"product","link":"https:\/\/latam-mat.com\/pt-br\/producto\/bomba-de-infusion-y-pca\/","title":{"rendered":"Bomba de infus\u00e3o com c\u00e2mara flex\u00edvel de fluxo vari\u00e1vel e PCA (Bolus)"},"content":{"rendered":"<p><b>Bomba de <\/b><strong>infus\u00e3o<\/strong> <b>com c\u00e2mara flex\u00edvel de fluxo vari\u00e1vel e PCA (<\/b><b>Bolus<\/b><b>).<\/b><\/p>\n<p>Dispositivos descart\u00e1veis \u200b\u200busados \u200b\u200bparafornecer fluidos ou medicamentos em solu\u00e7\u00e3o ao paciente, por via intravenosa ou epidural. Capacidade de 275 ml.<\/p>\n","protected":false},"excerpt":{"rendered":"<p><b>Bomba de <\/b><strong>infus\u00e3o<\/strong> <b>com c\u00e2mara flex\u00edvel de fluxo vari\u00e1vel e PCA (<\/b><b>Bolus<\/b><b>).<\/b><\/p>\n<p>Dispositivos descart\u00e1veis \u200b\u200busados \u200b\u200bparafornecer fluidos ou medicamentos em solu\u00e7\u00e3o ao paciente, por via intravenosa ou epidural. Capacidade de 275 ml.<\/p>\n","protected":false},"featured_media":8956,"comment_status":"open","ping_status":"closed","template":"","meta":[],"product_brand":[],"product_cat":[89],"product_tag":[91,85,86],"class_list":{"0":"post-9026","1":"product","2":"type-product","3":"status-publish","4":"has-post-thumbnail","6":"product_cat-bombas-de-infusion-camara-flexibles-pt-br","7":"product_tag-accesorios-pt-br","8":"product_tag-bombas-de-infusion-pt-br","9":"product_tag-combos-pt-br","11":"first","12":"instock","13":"sale","14":"shipping-taxable","15":"purchasable","16":"product-type-simple"},"yoast_head":"<!-- This site is optimized with the Yoast SEO plugin v27.3 - https:\/\/yoast.com\/product\/yoast-seo-wordpress\/ -->\n<title>Bomba de infus\u00e3o com c\u00e2mara flex\u00edvel de fluxo vari\u00e1vel e PCA (Bolus) - Medical Advanced Technologies<\/title>\n<meta name=\"robots\" content=\"index, follow, max-snippet:-1, max-image-preview:large, max-video-preview:-1\" \/>\n<link rel=\"canonical\" href=\"https:\/\/latam-mat.com\/producto\/bomba-de-infusion-y-pca\/\" \/>\n<meta property=\"og:locale\" content=\"pt_BR\" \/>\n<meta property=\"og:type\" content=\"article\" \/>\n<meta property=\"og:title\" content=\"Bomba de infus\u00e3o com c\u00e2mara flex\u00edvel de fluxo vari\u00e1vel e PCA (Bolus) - Medical Advanced Technologies\" \/>\n<meta property=\"og:description\" content=\"Bomba de infus\u00e3o com c\u00e2mara flex\u00edvel de fluxo vari\u00e1vel e PCA (Bolus).  Dispositivos descart\u00e1veis \u200b\u200busados \u200b\u200bparafornecer fluidos ou medicamentos em solu\u00e7\u00e3o ao paciente, por via intravenosa ou epidural. Capacidade de 275 ml.\" \/>\n<meta property=\"og:url\" content=\"https:\/\/latam-mat.com\/producto\/bomba-de-infusion-y-pca\/\" \/>\n<meta property=\"og:site_name\" content=\"Medical Advanced Technologies\" \/>\n<meta property=\"article:modified_time\" content=\"2023-12-27T20:12:38+00:00\" \/>\n<meta property=\"og:image\" content=\"https:\/\/latam-mat.com\/wp-content\/uploads\/2023\/12\/B-INFUSION-FLEX-A4.webp\" \/>\n\t<meta property=\"og:image:width\" content=\"1200\" \/>\n\t<meta property=\"og:image:height\" content=\"1200\" \/>\n\t<meta property=\"og:image:type\" content=\"image\/webp\" \/>\n<meta name=\"twitter:card\" content=\"summary_large_image\" \/>\n<script type=\"application\/ld+json\" class=\"yoast-schema-graph\">{\"@context\":\"https:\\\/\\\/schema.org\",\"@graph\":[{\"@type\":\"WebPage\",\"@id\":\"https:\\\/\\\/latam-mat.com\\\/producto\\\/bomba-de-infusion-y-pca\\\/\",\"url\":\"https:\\\/\\\/latam-mat.com\\\/producto\\\/bomba-de-infusion-y-pca\\\/\",\"name\":\"Bomba de infus\u00e3o com c\u00e2mara flex\u00edvel de fluxo vari\u00e1vel e PCA (Bolus) - Medical Advanced Technologies\",\"isPartOf\":{\"@id\":\"https:\\\/\\\/latam-mat.com\\\/#website\"},\"primaryImageOfPage\":{\"@id\":\"https:\\\/\\\/latam-mat.com\\\/producto\\\/bomba-de-infusion-y-pca\\\/#primaryimage\"},\"image\":{\"@id\":\"https:\\\/\\\/latam-mat.com\\\/producto\\\/bomba-de-infusion-y-pca\\\/#primaryimage\"},\"thumbnailUrl\":\"https:\\\/\\\/latam-mat.com\\\/wp-content\\\/uploads\\\/2023\\\/12\\\/B-INFUSION-FLEX-A4.webp\",\"datePublished\":\"2023-12-13T18:46:12+00:00\",\"dateModified\":\"2023-12-27T20:12:38+00:00\",\"breadcrumb\":{\"@id\":\"https:\\\/\\\/latam-mat.com\\\/producto\\\/bomba-de-infusion-y-pca\\\/#breadcrumb\"},\"inLanguage\":\"pt-BR\",\"potentialAction\":[{\"@type\":\"ReadAction\",\"target\":[\"https:\\\/\\\/latam-mat.com\\\/producto\\\/bomba-de-infusion-y-pca\\\/\"]}]},{\"@type\":\"ImageObject\",\"inLanguage\":\"pt-BR\",\"@id\":\"https:\\\/\\\/latam-mat.com\\\/producto\\\/bomba-de-infusion-y-pca\\\/#primaryimage\",\"url\":\"https:\\\/\\\/latam-mat.com\\\/wp-content\\\/uploads\\\/2023\\\/12\\\/B-INFUSION-FLEX-A4.webp\",\"contentUrl\":\"https:\\\/\\\/latam-mat.com\\\/wp-content\\\/uploads\\\/2023\\\/12\\\/B-INFUSION-FLEX-A4.webp\",\"width\":1200,\"height\":1200,\"caption\":\"Bomba de Infusi\u00f3n Flujo Variable y PCA\"},{\"@type\":\"BreadcrumbList\",\"@id\":\"https:\\\/\\\/latam-mat.com\\\/producto\\\/bomba-de-infusion-y-pca\\\/#breadcrumb\",\"itemListElement\":[{\"@type\":\"ListItem\",\"position\":1,\"name\":\"Portada\",\"item\":\"https:\\\/\\\/latam-mat.com\\\/\"},{\"@type\":\"ListItem\",\"position\":2,\"name\":\"Tienda\",\"item\":\"https:\\\/\\\/latam-mat.com\\\/tienda\\\/\"},{\"@type\":\"ListItem\",\"position\":3,\"name\":\"Bomba de infus\u00e3o com c\u00e2mara flex\u00edvel de fluxo vari\u00e1vel e PCA (Bolus)\"}]},{\"@type\":\"WebSite\",\"@id\":\"https:\\\/\\\/latam-mat.com\\\/#website\",\"url\":\"https:\\\/\\\/latam-mat.com\\\/\",\"name\":\"Medical Advanced Technologies\",\"description\":\"Medical Advanced Technologies\",\"publisher\":{\"@id\":\"https:\\\/\\\/latam-mat.com\\\/#organization\"},\"potentialAction\":[{\"@type\":\"SearchAction\",\"target\":{\"@type\":\"EntryPoint\",\"urlTemplate\":\"https:\\\/\\\/latam-mat.com\\\/?s={search_term_string}\"},\"query-input\":{\"@type\":\"PropertyValueSpecification\",\"valueRequired\":true,\"valueName\":\"search_term_string\"}}],\"inLanguage\":\"pt-BR\"},{\"@type\":\"Organization\",\"@id\":\"https:\\\/\\\/latam-mat.com\\\/#organization\",\"name\":\"Medical Advanced Technologies\",\"url\":\"https:\\\/\\\/latam-mat.com\\\/\",\"logo\":{\"@type\":\"ImageObject\",\"inLanguage\":\"pt-BR\",\"@id\":\"https:\\\/\\\/latam-mat.com\\\/#\\\/schema\\\/logo\\\/image\\\/\",\"url\":\"https:\\\/\\\/latam-mat.com\\\/wp-content\\\/uploads\\\/2023\\\/10\\\/ICO-SITIO-A1.png\",\"contentUrl\":\"https:\\\/\\\/latam-mat.com\\\/wp-content\\\/uploads\\\/2023\\\/10\\\/ICO-SITIO-A1.png\",\"width\":150,\"height\":150,\"caption\":\"Medical Advanced Technologies\"},\"image\":{\"@id\":\"https:\\\/\\\/latam-mat.com\\\/#\\\/schema\\\/logo\\\/image\\\/\"}}]}<\/script>\n<!-- \/ Yoast SEO plugin. -->","yoast_head_json":{"title":"Bomba de infus\u00e3o com c\u00e2mara flex\u00edvel de fluxo vari\u00e1vel e PCA (Bolus) - Medical Advanced Technologies","robots":{"index":"index","follow":"follow","max-snippet":"max-snippet:-1","max-image-preview":"max-image-preview:large","max-video-preview":"max-video-preview:-1"},"canonical":"https:\/\/latam-mat.com\/producto\/bomba-de-infusion-y-pca\/","og_locale":"pt_BR","og_type":"article","og_title":"Bomba de infus\u00e3o com c\u00e2mara flex\u00edvel de fluxo vari\u00e1vel e PCA (Bolus) - Medical Advanced Technologies","og_description":"Bomba de infus\u00e3o com c\u00e2mara flex\u00edvel de fluxo vari\u00e1vel e PCA (Bolus).  Dispositivos descart\u00e1veis \u200b\u200busados \u200b\u200bparafornecer fluidos ou medicamentos em solu\u00e7\u00e3o ao paciente, por via intravenosa ou epidural. Capacidade de 275 ml.","og_url":"https:\/\/latam-mat.com\/producto\/bomba-de-infusion-y-pca\/","og_site_name":"Medical Advanced Technologies","article_modified_time":"2023-12-27T20:12:38+00:00","og_image":[{"width":1200,"height":1200,"url":"https:\/\/latam-mat.com\/wp-content\/uploads\/2023\/12\/B-INFUSION-FLEX-A4.webp","type":"image\/webp"}],"twitter_card":"summary_large_image","schema":{"@context":"https:\/\/schema.org","@graph":[{"@type":"WebPage","@id":"https:\/\/latam-mat.com\/producto\/bomba-de-infusion-y-pca\/","url":"https:\/\/latam-mat.com\/producto\/bomba-de-infusion-y-pca\/","name":"Bomba de infus\u00e3o com c\u00e2mara flex\u00edvel de fluxo vari\u00e1vel e PCA (Bolus) - Medical Advanced Technologies","isPartOf":{"@id":"https:\/\/latam-mat.com\/#website"},"primaryImageOfPage":{"@id":"https:\/\/latam-mat.com\/producto\/bomba-de-infusion-y-pca\/#primaryimage"},"image":{"@id":"https:\/\/latam-mat.com\/producto\/bomba-de-infusion-y-pca\/#primaryimage"},"thumbnailUrl":"https:\/\/latam-mat.com\/wp-content\/uploads\/2023\/12\/B-INFUSION-FLEX-A4.webp","datePublished":"2023-12-13T18:46:12+00:00","dateModified":"2023-12-27T20:12:38+00:00","breadcrumb":{"@id":"https:\/\/latam-mat.com\/producto\/bomba-de-infusion-y-pca\/#breadcrumb"},"inLanguage":"pt-BR","potentialAction":[{"@type":"ReadAction","target":["https:\/\/latam-mat.com\/producto\/bomba-de-infusion-y-pca\/"]}]},{"@type":"ImageObject","inLanguage":"pt-BR","@id":"https:\/\/latam-mat.com\/producto\/bomba-de-infusion-y-pca\/#primaryimage","url":"https:\/\/latam-mat.com\/wp-content\/uploads\/2023\/12\/B-INFUSION-FLEX-A4.webp","contentUrl":"https:\/\/latam-mat.com\/wp-content\/uploads\/2023\/12\/B-INFUSION-FLEX-A4.webp","width":1200,"height":1200,"caption":"Bomba de Infusi\u00f3n Flujo Variable y PCA"},{"@type":"BreadcrumbList","@id":"https:\/\/latam-mat.com\/producto\/bomba-de-infusion-y-pca\/#breadcrumb","itemListElement":[{"@type":"ListItem","position":1,"name":"Portada","item":"https:\/\/latam-mat.com\/"},{"@type":"ListItem","position":2,"name":"Tienda","item":"https:\/\/latam-mat.com\/tienda\/"},{"@type":"ListItem","position":3,"name":"Bomba de infus\u00e3o com c\u00e2mara flex\u00edvel de fluxo vari\u00e1vel e PCA (Bolus)"}]},{"@type":"WebSite","@id":"https:\/\/latam-mat.com\/#website","url":"https:\/\/latam-mat.com\/","name":"Medical Advanced Technologies","description":"Medical Advanced Technologies","publisher":{"@id":"https:\/\/latam-mat.com\/#organization"},"potentialAction":[{"@type":"SearchAction","target":{"@type":"EntryPoint","urlTemplate":"https:\/\/latam-mat.com\/?s={search_term_string}"},"query-input":{"@type":"PropertyValueSpecification","valueRequired":true,"valueName":"search_term_string"}}],"inLanguage":"pt-BR"},{"@type":"Organization","@id":"https:\/\/latam-mat.com\/#organization","name":"Medical Advanced Technologies","url":"https:\/\/latam-mat.com\/","logo":{"@type":"ImageObject","inLanguage":"pt-BR","@id":"https:\/\/latam-mat.com\/#\/schema\/logo\/image\/","url":"https:\/\/latam-mat.com\/wp-content\/uploads\/2023\/10\/ICO-SITIO-A1.png","contentUrl":"https:\/\/latam-mat.com\/wp-content\/uploads\/2023\/10\/ICO-SITIO-A1.png","width":150,"height":150,"caption":"Medical Advanced Technologies"},"image":{"@id":"https:\/\/latam-mat.com\/#\/schema\/logo\/image\/"}}]}},"_links":{"self":[{"href":"https:\/\/latam-mat.com\/pt-br\/wp-json\/wp\/v2\/product\/9026","targetHints":{"allow":["GET"]}}],"collection":[{"href":"https:\/\/latam-mat.com\/pt-br\/wp-json\/wp\/v2\/product"}],"about":[{"href":"https:\/\/latam-mat.com\/pt-br\/wp-json\/wp\/v2\/types\/product"}],"replies":[{"embeddable":true,"href":"https:\/\/latam-mat.com\/pt-br\/wp-json\/wp\/v2\/comments?post=9026"}],"wp:featuredmedia":[{"embeddable":true,"href":"https:\/\/latam-mat.com\/pt-br\/wp-json\/wp\/v2\/media\/8956"}],"wp:attachment":[{"href":"https:\/\/latam-mat.com\/pt-br\/wp-json\/wp\/v2\/media?parent=9026"}],"wp:term":[{"taxonomy":"product_brand","embeddable":true,"href":"https:\/\/latam-mat.com\/pt-br\/wp-json\/wp\/v2\/product_brand?post=9026"},{"taxonomy":"product_cat","embeddable":true,"href":"https:\/\/latam-mat.com\/pt-br\/wp-json\/wp\/v2\/product_cat?post=9026"},{"taxonomy":"product_tag","embeddable":true,"href":"https:\/\/latam-mat.com\/pt-br\/wp-json\/wp\/v2\/product_tag?post=9026"}],"curies":[{"name":"wp","href":"https:\/\/api.w.org\/{rel}","templated":true}]}}